{"id":329,"date":"2021-12-15T21:25:18","date_gmt":"2021-12-15T21:25:18","guid":{"rendered":"https:\/\/inmecolsa.com\/?page_id=329"},"modified":"2024-08-12T03:16:34","modified_gmt":"2024-08-12T03:16:34","slug":"industrias","status":"publish","type":"page","link":"https:\/\/inmecolsa.com\/en\/industrias\/","title":{"rendered":"Industries"},"content":{"rendered":"<div data-elementor-type=\"wp-page\" data-elementor-id=\"329\" class=\"elementor elementor-329\">\n\t\t\t\t\t\t\t\t\t<section class=\"elementor-section elementor-top-section elementor-element elementor-element-c591927 elementor-section-boxed elementor-section-height-default elementor-section-height-default\" data-id=\"c591927\" data-element_type=\"section\">\n\t\t\t\t\t\t<div class=\"elementor-container elementor-column-gap-default\">\n\t\t\t\t\t<div class=\"elementor-column elementor-col-100 elementor-top-column elementor-element elementor-element-a4cca44\" data-id=\"a4cca44\" data-element_type=\"column\">\n\t\t\t<div class=\"elementor-widget-wrap elementor-element-populated\">\n\t\t\t\t\t\t\t\t<div class=\"elementor-element elementor-element-e551832 elementor-widget elementor-widget-heading\" data-id=\"e551832\" data-element_type=\"widget\" data-widget_type=\"heading.default\">\n\t\t\t\t<div class=\"elementor-widget-container\">\n\t\t\t<style>\/*! elementor - v3.15.0 - 02-08-2023 *\/\n.elementor-heading-title{padding:0;margin:0;line-height:1}.elementor-widget-heading .elementor-heading-title[class*=elementor-size-]>a{color:inherit;font-size:inherit;line-height:inherit}.elementor-widget-heading .elementor-heading-title.elementor-size-small{font-size:15px}.elementor-widget-heading .elementor-heading-title.elementor-size-medium{font-size:19px}.elementor-widget-heading .elementor-heading-title.elementor-size-large{font-size:29px}.elementor-widget-heading .elementor-heading-title.elementor-size-xl{font-size:39px}.elementor-widget-heading .elementor-heading-title.elementor-size-xxl{font-size:59px}<\/style><h2 class=\"elementor-heading-title elementor-size-default\"><h4 class=\"elementor-heading-title elementor-size-default elementor-inline-editing pen\" data-elementor-setting-key=\"title\" data-pen-placeholder=\"Teclea aqu\u00ed...\" style=\"font-size: 65px; font-style: normal; font-weight: 900; color: rgb(0, 0, 0); line-height: 1.2em; font-family: var( --e-global-typography-primary-font-family ), Sans-serif; text-align: center;\">Industries<\/h4><\/h2>\t\t<\/div>\n\t\t\t\t<\/div>\n\t\t\t\t\t<\/div>\n\t\t<\/div>\n\t\t\t\t\t\t\t<\/div>\n\t\t<\/section>\n\t\t\t\t<section class=\"elementor-section elementor-top-section elementor-element elementor-element-7f04bad elementor-section-boxed elementor-section-height-default elementor-section-height-default\" data-id=\"7f04bad\" data-element_type=\"section\">\n\t\t\t\t\t\t<div class=\"elementor-container elementor-column-gap-default\">\n\t\t\t\t\t<div class=\"elementor-column elementor-col-33 elementor-top-column elementor-element elementor-element-f77502d\" data-id=\"f77502d\" data-element_type=\"column\">\n\t\t\t<div class=\"elementor-widget-wrap elementor-element-populated\">\n\t\t\t\t\t\t\t\t<div class=\"elementor-element elementor-element-376c9a0 elementor-widget elementor-widget-image\" data-id=\"376c9a0\" data-element_type=\"widget\" data-widget_type=\"image.default\">\n\t\t\t\t<div class=\"elementor-widget-container\">\n\t\t\t<style>\/*! elementor - v3.15.0 - 02-08-2023 *\/\n.elementor-widget-image{text-align:center}.elementor-widget-image a{display:inline-block}.elementor-widget-image a img[src$=\".svg\"]{width:48px}.elementor-widget-image img{vertical-align:middle;display:inline-block}<\/style>\t\t\t\t\t\t\t\t\t\t\t\t\t<a href=\"https:\/\/inmecolsa.com\/en\/alimentos\/\">\n\t\t\t\t\t\t\t<img loading=\"lazy\" decoding=\"async\" width=\"1024\" height=\"1024\" src=\"https:\/\/inmecolsa.com\/wp-content\/uploads\/2024\/08\/Tacho-Cocinador-al-Vacio-1024x1024.png\" class=\"attachment-large size-large wp-image-1185\" alt=\"\" srcset=\"https:\/\/inmecolsa.com\/wp-content\/uploads\/2024\/08\/Tacho-Cocinador-al-Vacio-1024x1024.png 1024w, https:\/\/inmecolsa.com\/wp-content\/uploads\/2024\/08\/Tacho-Cocinador-al-Vacio-300x300.png 300w, https:\/\/inmecolsa.com\/wp-content\/uploads\/2024\/08\/Tacho-Cocinador-al-Vacio-150x150.png 150w, https:\/\/inmecolsa.com\/wp-content\/uploads\/2024\/08\/Tacho-Cocinador-al-Vacio-768x768.png 768w, https:\/\/inmecolsa.com\/wp-content\/uploads\/2024\/08\/Tacho-Cocinador-al-Vacio-12x12.png 12w, https:\/\/inmecolsa.com\/wp-content\/uploads\/2024\/08\/Tacho-Cocinador-al-Vacio.png 1080w\" sizes=\"auto, (max-width: 1024px) 100vw, 1024px\" \/>\t\t\t\t\t\t\t\t<\/a>\n\t\t\t\t\t\t\t\t\t\t\t\t\t\t\t<\/div>\n\t\t\t\t<\/div>\n\t\t\t\t\t<\/div>\n\t\t<\/div>\n\t\t\t\t<div class=\"elementor-column elementor-col-33 elementor-top-column elementor-element elementor-element-381deca\" data-id=\"381deca\" data-element_type=\"column\">\n\t\t\t<div class=\"elementor-widget-wrap elementor-element-populated\">\n\t\t\t\t\t\t\t\t<div class=\"elementor-element elementor-element-835201c elementor-widget elementor-widget-image\" data-id=\"835201c\" data-element_type=\"widget\" data-widget_type=\"image.default\">\n\t\t\t\t<div class=\"elementor-widget-container\">\n\t\t\t\t\t\t\t\t\t\t\t\t\t\t\t\t<a href=\"https:\/\/inmecolsa.com\/en\/bebidas\/\">\n\t\t\t\t\t\t\t<img loading=\"lazy\" decoding=\"async\" width=\"1024\" height=\"1024\" src=\"https:\/\/inmecolsa.com\/wp-content\/uploads\/2024\/08\/Diseno-sin-titulo-3-1024x1024.png\" class=\"attachment-large size-large wp-image-1237\" alt=\"\" srcset=\"https:\/\/inmecolsa.com\/wp-content\/uploads\/2024\/08\/Diseno-sin-titulo-3-1024x1024.png 1024w, https:\/\/inmecolsa.com\/wp-content\/uploads\/2024\/08\/Diseno-sin-titulo-3-300x300.png 300w, https:\/\/inmecolsa.com\/wp-content\/uploads\/2024\/08\/Diseno-sin-titulo-3-150x150.png 150w, https:\/\/inmecolsa.com\/wp-content\/uploads\/2024\/08\/Diseno-sin-titulo-3-768x768.png 768w, https:\/\/inmecolsa.com\/wp-content\/uploads\/2024\/08\/Diseno-sin-titulo-3-12x12.png 12w, https:\/\/inmecolsa.com\/wp-content\/uploads\/2024\/08\/Diseno-sin-titulo-3.png 1080w\" sizes=\"auto, (max-width: 1024px) 100vw, 1024px\" \/>\t\t\t\t\t\t\t\t<\/a>\n\t\t\t\t\t\t\t\t\t\t\t\t\t\t\t<\/div>\n\t\t\t\t<\/div>\n\t\t\t\t\t<\/div>\n\t\t<\/div>\n\t\t\t\t<div class=\"elementor-column elementor-col-33 elementor-top-column elementor-element elementor-element-eb82b27\" data-id=\"eb82b27\" data-element_type=\"column\">\n\t\t\t<div class=\"elementor-widget-wrap elementor-element-populated\">\n\t\t\t\t\t\t\t\t<div class=\"elementor-element elementor-element-ee6609f elementor-widget elementor-widget-image\" data-id=\"ee6609f\" data-element_type=\"widget\" data-widget_type=\"image.default\">\n\t\t\t\t<div class=\"elementor-widget-container\">\n\t\t\t\t\t\t\t\t\t\t\t\t\t\t\t\t<a href=\"https:\/\/inmecolsa.com\/en\/farmaceutica-2\/\">\n\t\t\t\t\t\t\t<img loading=\"lazy\" decoding=\"async\" width=\"1024\" height=\"1024\" src=\"https:\/\/inmecolsa.com\/wp-content\/uploads\/2024\/08\/Autoclave-1024x1024.png\" class=\"attachment-large size-large wp-image-1206\" alt=\"\" srcset=\"https:\/\/inmecolsa.com\/wp-content\/uploads\/2024\/08\/Autoclave-1024x1024.png 1024w, https:\/\/inmecolsa.com\/wp-content\/uploads\/2024\/08\/Autoclave-300x300.png 300w, https:\/\/inmecolsa.com\/wp-content\/uploads\/2024\/08\/Autoclave-150x150.png 150w, https:\/\/inmecolsa.com\/wp-content\/uploads\/2024\/08\/Autoclave-768x768.png 768w, https:\/\/inmecolsa.com\/wp-content\/uploads\/2024\/08\/Autoclave-12x12.png 12w, https:\/\/inmecolsa.com\/wp-content\/uploads\/2024\/08\/Autoclave.png 1080w\" sizes=\"auto, (max-width: 1024px) 100vw, 1024px\" \/>\t\t\t\t\t\t\t\t<\/a>\n\t\t\t\t\t\t\t\t\t\t\t\t\t\t\t<\/div>\n\t\t\t\t<\/div>\n\t\t\t\t\t<\/div>\n\t\t<\/div>\n\t\t\t\t\t\t\t<\/div>\n\t\t<\/section>\n\t\t\t\t<section class=\"elementor-section elementor-top-section elementor-element elementor-element-79bf0b4 elementor-section-boxed elementor-section-height-default elementor-section-height-default\" data-id=\"79bf0b4\" data-element_type=\"section\">\n\t\t\t\t\t\t<div class=\"elementor-container elementor-column-gap-default\">\n\t\t\t\t\t<div class=\"elementor-column elementor-col-33 elementor-top-column elementor-element elementor-element-710ff05\" data-id=\"710ff05\" data-element_type=\"column\">\n\t\t\t<div class=\"elementor-widget-wrap elementor-element-populated\">\n\t\t\t\t\t\t\t\t<div class=\"elementor-element elementor-element-7560391 elementor-align-center elementor-widget elementor-widget-button\" data-id=\"7560391\" data-element_type=\"widget\" data-widget_type=\"button.default\">\n\t\t\t\t<div class=\"elementor-widget-container\">\n\t\t\t\t\t<div class=\"elementor-button-wrapper\">\n\t\t\t<a class=\"elementor-button elementor-button-link elementor-size-sm elementor-animation-grow\" href=\"https:\/\/inmecolsa.com\/en\/alimentos\/\">\n\t\t\t\t\t\t<span class=\"elementor-button-content-wrapper\">\n\t\t\t\t\t\t<span class=\"elementor-button-text\">Food Industry<\/span>\n\t\t<\/span>\n\t\t\t\t\t<\/a>\n\t\t<\/div>\n\t\t\t\t<\/div>\n\t\t\t\t<\/div>\n\t\t\t\t\t<\/div>\n\t\t<\/div>\n\t\t\t\t<div class=\"elementor-column elementor-col-33 elementor-top-column elementor-element elementor-element-29087a4\" data-id=\"29087a4\" data-element_type=\"column\">\n\t\t\t<div class=\"elementor-widget-wrap elementor-element-populated\">\n\t\t\t\t\t\t\t\t<div class=\"elementor-element elementor-element-3f13932 elementor-align-center elementor-widget elementor-widget-button\" data-id=\"3f13932\" data-element_type=\"widget\" data-widget_type=\"button.default\">\n\t\t\t\t<div class=\"elementor-widget-container\">\n\t\t\t\t\t<div class=\"elementor-button-wrapper\">\n\t\t\t<a class=\"elementor-button elementor-button-link elementor-size-sm elementor-animation-grow\" href=\"https:\/\/inmecolsa.com\/en\/bebidas\/\">\n\t\t\t\t\t\t<span class=\"elementor-button-content-wrapper\">\n\t\t\t\t\t\t<span class=\"elementor-button-text\">Beverage Industry<\/span>\n\t\t<\/span>\n\t\t\t\t\t<\/a>\n\t\t<\/div>\n\t\t\t\t<\/div>\n\t\t\t\t<\/div>\n\t\t\t\t\t<\/div>\n\t\t<\/div>\n\t\t\t\t<div class=\"elementor-column elementor-col-33 elementor-top-column elementor-element elementor-element-b48abe7\" data-id=\"b48abe7\" data-element_type=\"column\">\n\t\t\t<div class=\"elementor-widget-wrap elementor-element-populated\">\n\t\t\t\t\t\t\t\t<div class=\"elementor-element elementor-element-ed2301c elementor-align-center elementor-widget elementor-widget-button\" data-id=\"ed2301c\" data-element_type=\"widget\" data-widget_type=\"button.default\">\n\t\t\t\t<div class=\"elementor-widget-container\">\n\t\t\t\t\t<div class=\"elementor-button-wrapper\">\n\t\t\t<a class=\"elementor-button elementor-button-link elementor-size-sm elementor-animation-grow\" href=\"https:\/\/inmecolsa.com\/en\/farmaceutica-2\/\">\n\t\t\t\t\t\t<span class=\"elementor-button-content-wrapper\">\n\t\t\t\t\t\t<span class=\"elementor-button-text\">Pharmaceutical Industry<\/span>\n\t\t<\/span>\n\t\t\t\t\t<\/a>\n\t\t<\/div>\n\t\t\t\t<\/div>\n\t\t\t\t<\/div>\n\t\t\t\t\t<\/div>\n\t\t<\/div>\n\t\t\t\t\t\t\t<\/div>\n\t\t<\/section>\n\t\t\t\t<section class=\"elementor-section elementor-top-section elementor-element elementor-element-9bf9632 elementor-section-boxed elementor-section-height-default elementor-section-height-default\" data-id=\"9bf9632\" data-element_type=\"section\">\n\t\t\t\t\t\t<div class=\"elementor-container elementor-column-gap-default\">\n\t\t\t\t\t<div class=\"elementor-column elementor-col-33 elementor-top-column elementor-element elementor-element-ffe154a\" data-id=\"ffe154a\" data-element_type=\"column\">\n\t\t\t<div class=\"elementor-widget-wrap elementor-element-populated\">\n\t\t\t\t\t\t\t\t<div class=\"elementor-element elementor-element-8d9f0dd elementor-widget elementor-widget-image\" data-id=\"8d9f0dd\" data-element_type=\"widget\" data-widget_type=\"image.default\">\n\t\t\t\t<div class=\"elementor-widget-container\">\n\t\t\t\t\t\t\t\t\t\t\t\t\t\t\t\t<a href=\"https:\/\/inmecolsa.com\/en\/quimica-2\/\">\n\t\t\t\t\t\t\t<img loading=\"lazy\" decoding=\"async\" width=\"1024\" height=\"1024\" src=\"https:\/\/inmecolsa.com\/wp-content\/uploads\/2024\/08\/Reactores-1024x1024.png\" class=\"attachment-large size-large wp-image-1204\" alt=\"\" srcset=\"https:\/\/inmecolsa.com\/wp-content\/uploads\/2024\/08\/Reactores-1024x1024.png 1024w, https:\/\/inmecolsa.com\/wp-content\/uploads\/2024\/08\/Reactores-300x300.png 300w, https:\/\/inmecolsa.com\/wp-content\/uploads\/2024\/08\/Reactores-150x150.png 150w, https:\/\/inmecolsa.com\/wp-content\/uploads\/2024\/08\/Reactores-768x768.png 768w, https:\/\/inmecolsa.com\/wp-content\/uploads\/2024\/08\/Reactores-12x12.png 12w, https:\/\/inmecolsa.com\/wp-content\/uploads\/2024\/08\/Reactores.png 1080w\" sizes=\"auto, (max-width: 1024px) 100vw, 1024px\" \/>\t\t\t\t\t\t\t\t<\/a>\n\t\t\t\t\t\t\t\t\t\t\t\t\t\t\t<\/div>\n\t\t\t\t<\/div>\n\t\t\t\t\t<\/div>\n\t\t<\/div>\n\t\t\t\t<div class=\"elementor-column elementor-col-33 elementor-top-column elementor-element elementor-element-2ad1324\" data-id=\"2ad1324\" data-element_type=\"column\">\n\t\t\t<div class=\"elementor-widget-wrap elementor-element-populated\">\n\t\t\t\t\t\t\t\t<div class=\"elementor-element elementor-element-c083564 elementor-widget elementor-widget-image\" data-id=\"c083564\" data-element_type=\"widget\" data-widget_type=\"image.default\">\n\t\t\t\t<div class=\"elementor-widget-container\">\n\t\t\t\t\t\t\t\t\t\t\t\t\t\t\t\t<a href=\"https:\/\/inmecolsa.com\/en\/mezcladores\/\">\n\t\t\t\t\t\t\t<img loading=\"lazy\" decoding=\"async\" width=\"1024\" height=\"1024\" src=\"https:\/\/inmecolsa.com\/wp-content\/uploads\/2024\/08\/Mezcladores-en-V-1024x1024.png\" class=\"attachment-large size-large wp-image-1256\" alt=\"\" srcset=\"https:\/\/inmecolsa.com\/wp-content\/uploads\/2024\/08\/Mezcladores-en-V-1024x1024.png 1024w, https:\/\/inmecolsa.com\/wp-content\/uploads\/2024\/08\/Mezcladores-en-V-300x300.png 300w, https:\/\/inmecolsa.com\/wp-content\/uploads\/2024\/08\/Mezcladores-en-V-150x150.png 150w, https:\/\/inmecolsa.com\/wp-content\/uploads\/2024\/08\/Mezcladores-en-V-768x768.png 768w, https:\/\/inmecolsa.com\/wp-content\/uploads\/2024\/08\/Mezcladores-en-V-12x12.png 12w, https:\/\/inmecolsa.com\/wp-content\/uploads\/2024\/08\/Mezcladores-en-V.png 1080w\" sizes=\"auto, (max-width: 1024px) 100vw, 1024px\" \/>\t\t\t\t\t\t\t\t<\/a>\n\t\t\t\t\t\t\t\t\t\t\t\t\t\t\t<\/div>\n\t\t\t\t<\/div>\n\t\t\t\t\t<\/div>\n\t\t<\/div>\n\t\t\t\t<div class=\"elementor-column elementor-col-33 elementor-top-column elementor-element elementor-element-f13f932\" data-id=\"f13f932\" data-element_type=\"column\">\n\t\t\t<div class=\"elementor-widget-wrap elementor-element-populated\">\n\t\t\t\t\t\t\t\t<div class=\"elementor-element elementor-element-97b2992 elementor-widget elementor-widget-image\" data-id=\"97b2992\" data-element_type=\"widget\" data-widget_type=\"image.default\">\n\t\t\t\t<div class=\"elementor-widget-container\">\n\t\t\t\t\t\t\t\t\t\t\t\t\t\t\t\t<a href=\"https:\/\/inmecolsa.com\/en\/calentamiento-y-enfriamiento\/\">\n\t\t\t\t\t\t\t<img loading=\"lazy\" decoding=\"async\" width=\"1024\" height=\"1024\" src=\"https:\/\/inmecolsa.com\/wp-content\/uploads\/2024\/08\/Serpentin-1024x1024.png\" class=\"attachment-large size-large wp-image-1239\" alt=\"\" srcset=\"https:\/\/inmecolsa.com\/wp-content\/uploads\/2024\/08\/Serpentin-1024x1024.png 1024w, https:\/\/inmecolsa.com\/wp-content\/uploads\/2024\/08\/Serpentin-300x300.png 300w, https:\/\/inmecolsa.com\/wp-content\/uploads\/2024\/08\/Serpentin-150x150.png 150w, https:\/\/inmecolsa.com\/wp-content\/uploads\/2024\/08\/Serpentin-768x768.png 768w, https:\/\/inmecolsa.com\/wp-content\/uploads\/2024\/08\/Serpentin-12x12.png 12w, https:\/\/inmecolsa.com\/wp-content\/uploads\/2024\/08\/Serpentin.png 1080w\" sizes=\"auto, (max-width: 1024px) 100vw, 1024px\" \/>\t\t\t\t\t\t\t\t<\/a>\n\t\t\t\t\t\t\t\t\t\t\t\t\t\t\t<\/div>\n\t\t\t\t<\/div>\n\t\t\t\t\t<\/div>\n\t\t<\/div>\n\t\t\t\t\t\t\t<\/div>\n\t\t<\/section>\n\t\t\t\t<section class=\"elementor-section elementor-top-section elementor-element elementor-element-9ff3045 elementor-section-boxed elementor-section-height-default elementor-section-height-default\" data-id=\"9ff3045\" data-element_type=\"section\">\n\t\t\t\t\t\t<div class=\"elementor-container elementor-column-gap-default\">\n\t\t\t\t\t<div class=\"elementor-column elementor-col-33 elementor-top-column elementor-element elementor-element-94a07b5\" data-id=\"94a07b5\" data-element_type=\"column\">\n\t\t\t<div class=\"elementor-widget-wrap elementor-element-populated\">\n\t\t\t\t\t\t\t\t<div class=\"elementor-element elementor-element-04ac61d elementor-align-center elementor-widget elementor-widget-button\" data-id=\"04ac61d\" data-element_type=\"widget\" data-widget_type=\"button.default\">\n\t\t\t\t<div class=\"elementor-widget-container\">\n\t\t\t\t\t<div class=\"elementor-button-wrapper\">\n\t\t\t<a class=\"elementor-button elementor-button-link elementor-size-sm elementor-animation-grow\" href=\"https:\/\/inmecolsa.com\/en\/quimica-2\/\">\n\t\t\t\t\t\t<span class=\"elementor-button-content-wrapper\">\n\t\t\t\t\t\t<span class=\"elementor-button-text\">Chemical and Petrochemical Industry<\/span>\n\t\t<\/span>\n\t\t\t\t\t<\/a>\n\t\t<\/div>\n\t\t\t\t<\/div>\n\t\t\t\t<\/div>\n\t\t\t\t\t<\/div>\n\t\t<\/div>\n\t\t\t\t<div class=\"elementor-column elementor-col-33 elementor-top-column elementor-element elementor-element-df03025\" data-id=\"df03025\" data-element_type=\"column\">\n\t\t\t<div class=\"elementor-widget-wrap elementor-element-populated\">\n\t\t\t\t\t\t\t\t<div class=\"elementor-element elementor-element-88d72eb elementor-align-center elementor-widget elementor-widget-button\" data-id=\"88d72eb\" data-element_type=\"widget\" data-widget_type=\"button.default\">\n\t\t\t\t<div class=\"elementor-widget-container\">\n\t\t\t\t\t<div class=\"elementor-button-wrapper\">\n\t\t\t<a class=\"elementor-button elementor-button-link elementor-size-sm elementor-animation-grow\" href=\"https:\/\/inmecolsa.com\/en\/mezcladores\/\">\n\t\t\t\t\t\t<span class=\"elementor-button-content-wrapper\">\n\t\t\t\t\t\t<span class=\"elementor-button-text\">Mixers<\/span>\n\t\t<\/span>\n\t\t\t\t\t<\/a>\n\t\t<\/div>\n\t\t\t\t<\/div>\n\t\t\t\t<\/div>\n\t\t\t\t\t<\/div>\n\t\t<\/div>\n\t\t\t\t<div class=\"elementor-column elementor-col-33 elementor-top-column elementor-element elementor-element-f92d07e\" data-id=\"f92d07e\" data-element_type=\"column\">\n\t\t\t<div class=\"elementor-widget-wrap elementor-element-populated\">\n\t\t\t\t\t\t\t\t<div class=\"elementor-element elementor-element-46f6c83 elementor-align-center elementor-widget elementor-widget-button\" data-id=\"46f6c83\" data-element_type=\"widget\" data-widget_type=\"button.default\">\n\t\t\t\t<div class=\"elementor-widget-container\">\n\t\t\t\t\t<div class=\"elementor-button-wrapper\">\n\t\t\t<a class=\"elementor-button elementor-button-link elementor-size-sm elementor-animation-grow\" href=\"https:\/\/inmecolsa.com\/en\/calentamiento-y-enfriamiento\/\">\n\t\t\t\t\t\t<span class=\"elementor-button-content-wrapper\">\n\t\t\t\t\t\t<span class=\"elementor-button-text\">Heating and Cooling<\/span>\n\t\t<\/span>\n\t\t\t\t\t<\/a>\n\t\t<\/div>\n\t\t\t\t<\/div>\n\t\t\t\t<\/div>\n\t\t\t\t\t<\/div>\n\t\t<\/div>\n\t\t\t\t\t\t\t<\/div>\n\t\t<\/section>\n\t\t\t\t<section class=\"elementor-section elementor-top-section elementor-element elementor-element-0384bb0 elementor-section-boxed elementor-section-height-default elementor-section-height-default\" data-id=\"0384bb0\" data-element_type=\"section\">\n\t\t\t\t\t\t<div class=\"elementor-container elementor-column-gap-default\">\n\t\t\t\t\t<div class=\"elementor-column elementor-col-100 elementor-top-column elementor-element elementor-element-f00757a\" data-id=\"f00757a\" data-element_type=\"column\">\n\t\t\t<div class=\"elementor-widget-wrap elementor-element-populated\">\n\t\t\t\t\t\t\t\t<div class=\"elementor-element elementor-element-4ddbe2c elementor-widget elementor-widget-spacer\" data-id=\"4ddbe2c\" data-element_type=\"widget\" data-widget_type=\"spacer.default\">\n\t\t\t\t<div class=\"elementor-widget-container\">\n\t\t\t<style>\/*! elementor - v3.15.0 - 02-08-2023 *\/\n.elementor-column .elementor-spacer-inner{height:var(--spacer-size)}.e-con{--container-widget-width:100%}.e-con-inner>.elementor-widget-spacer,.e-con>.elementor-widget-spacer{width:var(--container-widget-width,var(--spacer-size));--align-self:var(--container-widget-align-self,initial);--flex-shrink:0}.e-con-inner>.elementor-widget-spacer>.elementor-widget-container,.e-con-inner>.elementor-widget-spacer>.elementor-widget-container>.elementor-spacer,.e-con>.elementor-widget-spacer>.elementor-widget-container,.e-con>.elementor-widget-spacer>.elementor-widget-container>.elementor-spacer{height:100%}.e-con-inner>.elementor-widget-spacer>.elementor-widget-container>.elementor-spacer>.elementor-spacer-inner,.e-con>.elementor-widget-spacer>.elementor-widget-container>.elementor-spacer>.elementor-spacer-inner{height:var(--container-widget-height,var(--spacer-size))}<\/style>\t\t<div class=\"elementor-spacer\">\n\t\t\t<div class=\"elementor-spacer-inner\"><\/div>\n\t\t<\/div>\n\t\t\t\t<\/div>\n\t\t\t\t<\/div>\n\t\t\t\t\t<\/div>\n\t\t<\/div>\n\t\t\t\t\t\t\t<\/div>\n\t\t<\/section>\n\t\t\t\t<section class=\"elementor-section elementor-top-section elementor-element elementor-element-f8f4db3 elementor-section-boxed elementor-section-height-default elementor-section-height-default\" data-id=\"f8f4db3\" data-element_type=\"section\">\n\t\t\t\t\t\t<div class=\"elementor-container elementor-column-gap-default\">\n\t\t\t\t\t<div class=\"elementor-column elementor-col-100 elementor-top-column elementor-element elementor-element-22f99d2\" data-id=\"22f99d2\" data-element_type=\"column\">\n\t\t\t<div class=\"elementor-widget-wrap elementor-element-populated\">\n\t\t\t\t\t\t\t\t<div class=\"elementor-element elementor-element-42bec41 elementor-align-center elementor-widget elementor-widget-button\" data-id=\"42bec41\" data-element_type=\"widget\" data-widget_type=\"button.default\">\n\t\t\t\t<div class=\"elementor-widget-container\">\n\t\t\t\t\t<div class=\"elementor-button-wrapper\">\n\t\t\t<a class=\"elementor-button elementor-button-link elementor-size-lg\" href=\"https:\/\/inmecolsa.com\/en\/contacto\/\">\n\t\t\t\t\t\t<span class=\"elementor-button-content-wrapper\">\n\t\t\t\t\t\t<span class=\"elementor-button-text\">CONTACT US<\/span>\n\t\t<\/span>\n\t\t\t\t\t<\/a>\n\t\t<\/div>\n\t\t\t\t<\/div>\n\t\t\t\t<\/div>\n\t\t\t\t\t<\/div>\n\t\t<\/div>\n\t\t\t\t\t\t\t<\/div>\n\t\t<\/section>\n\t\t\t\t\t\t\t<\/div>","protected":false},"excerpt":{"rendered":"<p>Industrias Alimentos Bebidas Farmac\u00e9utica Qu\u00edmica y Petroqu\u00edmica Mezcladores Calentamiento y Enfriamiento Contacto<\/p>","protected":false},"author":1,"featured_media":0,"parent":0,"menu_order":0,"comment_status":"closed","ping_status":"closed","template":"","meta":{"site-sidebar-layout":"no-sidebar","site-content-layout":"page-builder","ast-main-header-display":"","ast-hfb-above-header-display":"","ast-hfb-mobile-header-display":"","site-post-title":"disabled","ast-breadcrumbs-content":"","ast-featured-img":"disabled","footer-sml-layout":"","theme-transparent-header-meta":"","adv-header-id-meta":"","stick-header-meta":"","header-above-stick-meta":"","header-main-stick-meta":"","header-below-stick-meta":"","footnotes":""},"class_list":["post-329","page","type-page","status-publish","hentry"],"_links":{"self":[{"href":"https:\/\/inmecolsa.com\/en\/wp-json\/wp\/v2\/pages\/329","targetHints":{"allow":["GET"]}}],"collection":[{"href":"https:\/\/inmecolsa.com\/en\/wp-json\/wp\/v2\/pages"}],"about":[{"href":"https:\/\/inmecolsa.com\/en\/wp-json\/wp\/v2\/types\/page"}],"author":[{"embeddable":true,"href":"https:\/\/inmecolsa.com\/en\/wp-json\/wp\/v2\/users\/1"}],"replies":[{"embeddable":true,"href":"https:\/\/inmecolsa.com\/en\/wp-json\/wp\/v2\/comments?post=329"}],"version-history":[{"count":40,"href":"https:\/\/inmecolsa.com\/en\/wp-json\/wp\/v2\/pages\/329\/revisions"}],"predecessor-version":[{"id":1302,"href":"https:\/\/inmecolsa.com\/en\/wp-json\/wp\/v2\/pages\/329\/revisions\/1302"}],"wp:attachment":[{"href":"https:\/\/inmecolsa.com\/en\/wp-json\/wp\/v2\/media?parent=329"}],"curies":[{"name":"wp","href":"https:\/\/api.w.org\/{rel}","templated":true}]}}