{"id":374,"date":"2021-12-15T21:50:35","date_gmt":"2021-12-15T21:50:35","guid":{"rendered":"https:\/\/inmecolsa.com\/?page_id=374"},"modified":"2024-08-10T20:14:35","modified_gmt":"2024-08-10T20:14:35","slug":"bebidas","status":"publish","type":"page","link":"https:\/\/inmecolsa.com\/en\/bebidas\/","title":{"rendered":"Beverage Industry"},"content":{"rendered":"<div data-elementor-type=\"wp-page\" data-elementor-id=\"374\" class=\"elementor elementor-374\">\n\t\t\t\t\t\t\t\t\t<section class=\"elementor-section elementor-top-section elementor-element elementor-element-68e5230 elementor-section-boxed elementor-section-height-default elementor-section-height-default\" data-id=\"68e5230\" data-element_type=\"section\">\n\t\t\t\t\t\t<div class=\"elementor-container elementor-column-gap-default\">\n\t\t\t\t\t<div class=\"elementor-column elementor-col-100 elementor-top-column elementor-element elementor-element-00a9961\" data-id=\"00a9961\" data-element_type=\"column\">\n\t\t\t<div class=\"elementor-widget-wrap\">\n\t\t\t\t\t\t\t\t\t<\/div>\n\t\t<\/div>\n\t\t\t\t\t\t\t<\/div>\n\t\t<\/section>\n\t\t\t\t<section class=\"elementor-section elementor-top-section elementor-element elementor-element-7bf494f2 elementor-section-content-middle elementor-section-boxed elementor-section-height-default elementor-section-height-default\" data-id=\"7bf494f2\" data-element_type=\"section\">\n\t\t\t\t\t\t<div class=\"elementor-container elementor-column-gap-no\">\n\t\t\t\t\t<div class=\"elementor-column elementor-col-50 elementor-top-column elementor-element elementor-element-1b587e71\" data-id=\"1b587e71\" data-element_type=\"column\">\n\t\t\t<div class=\"elementor-widget-wrap elementor-element-populated\">\n\t\t\t\t\t\t\t\t<div class=\"elementor-element elementor-element-35f77963 elementor-widget elementor-widget-heading\" data-id=\"35f77963\" data-element_type=\"widget\" data-widget_type=\"heading.default\">\n\t\t\t\t<div class=\"elementor-widget-container\">\n\t\t\t<style>\/*! elementor - v3.15.0 - 02-08-2023 *\/\n.elementor-heading-title{padding:0;margin:0;line-height:1}.elementor-widget-heading .elementor-heading-title[class*=elementor-size-]>a{color:inherit;font-size:inherit;line-height:inherit}.elementor-widget-heading .elementor-heading-title.elementor-size-small{font-size:15px}.elementor-widget-heading .elementor-heading-title.elementor-size-medium{font-size:19px}.elementor-widget-heading .elementor-heading-title.elementor-size-large{font-size:29px}.elementor-widget-heading .elementor-heading-title.elementor-size-xl{font-size:39px}.elementor-widget-heading .elementor-heading-title.elementor-size-xxl{font-size:59px}<\/style><h4 class=\"elementor-heading-title elementor-size-default\">Beverage Industry<\/h4>\t\t<\/div>\n\t\t\t\t<\/div>\n\t\t\t\t<div class=\"elementor-element elementor-element-346152bd elementor-widget elementor-widget-text-editor\" data-id=\"346152bd\" data-element_type=\"widget\" data-widget_type=\"text-editor.default\">\n\t\t\t\t<div class=\"elementor-widget-container\">\n\t\t\t<style>\/*! elementor - v3.15.0 - 02-08-2023 *\/\n.elementor-widget-text-editor.elementor-drop-cap-view-stacked .elementor-drop-cap{background-color:#69727d;color:#fff}.elementor-widget-text-editor.elementor-drop-cap-view-framed .elementor-drop-cap{color:#69727d;border:3px solid;background-color:transparent}.elementor-widget-text-editor:not(.elementor-drop-cap-view-default) .elementor-drop-cap{margin-top:8px}.elementor-widget-text-editor:not(.elementor-drop-cap-view-default) .elementor-drop-cap-letter{width:1em;height:1em}.elementor-widget-text-editor .elementor-drop-cap{float:left;text-align:center;line-height:1;font-size:50px}.elementor-widget-text-editor .elementor-drop-cap-letter{display:inline-block}<\/style>\t\t\t\t<p>We manufacture equipment for this type of industry highlighting innocuousness characteristics.<\/p>\t\t\t\t\t\t<\/div>\n\t\t\t\t<\/div>\n\t\t\t\t\t<\/div>\n\t\t<\/div>\n\t\t\t\t<div class=\"elementor-column elementor-col-50 elementor-top-column elementor-element elementor-element-24d41348\" data-id=\"24d41348\" data-element_type=\"column\">\n\t\t\t<div class=\"elementor-widget-wrap elementor-element-populated\">\n\t\t\t\t\t\t\t\t<div class=\"elementor-element elementor-element-1c41d0af elementor-widget elementor-widget-video\" data-id=\"1c41d0af\" data-element_type=\"widget\" data-settings=\"{&quot;video_type&quot;:&quot;hosted&quot;,&quot;controls&quot;:&quot;yes&quot;}\" data-widget_type=\"video.default\">\n\t\t\t\t<div class=\"elementor-widget-container\">\n\t\t\t<style>\/*! elementor - v3.15.0 - 02-08-2023 *\/\n.elementor-widget-video .elementor-widget-container{overflow:hidden;transform:translateZ(0)}.elementor-widget-video .elementor-wrapper{aspect-ratio:var(--video-aspect-ratio)}.elementor-widget-video .elementor-wrapper iframe,.elementor-widget-video .elementor-wrapper video{height:100%;width:100%;display:flex;border:none;background-color:#000}@supports not (aspect-ratio:1\/1){.elementor-widget-video .elementor-wrapper{position:relative;overflow:hidden;height:0;padding-bottom:calc(100% \/ var(--video-aspect-ratio))}.elementor-widget-video .elementor-wrapper iframe,.elementor-widget-video .elementor-wrapper video{position:absolute;top:0;right:0;bottom:0;left:0}}.elementor-widget-video .elementor-open-inline .elementor-custom-embed-image-overlay{position:absolute;top:0;right:0;bottom:0;left:0;background-size:cover;background-position:50%}.elementor-widget-video .elementor-custom-embed-image-overlay{cursor:pointer;text-align:center}.elementor-widget-video .elementor-custom-embed-image-overlay:hover .elementor-custom-embed-play i{opacity:1}.elementor-widget-video .elementor-custom-embed-image-overlay img{display:block;width:100%;aspect-ratio:var(--video-aspect-ratio);-o-object-fit:cover;object-fit:cover;-o-object-position:center center;object-position:center center}@supports not (aspect-ratio:1\/1){.elementor-widget-video .elementor-custom-embed-image-overlay{position:relative;overflow:hidden;height:0;padding-bottom:calc(100% \/ var(--video-aspect-ratio))}.elementor-widget-video .elementor-custom-embed-image-overlay img{position:absolute;top:0;right:0;bottom:0;left:0}}.elementor-widget-video .e-hosted-video .elementor-video{-o-object-fit:cover;object-fit:cover}.e-con-inner>.elementor-widget-video,.e-con>.elementor-widget-video{width:var(--container-widget-width);--flex-grow:var(--container-widget-flex-grow)}<\/style>\t\t<div class=\"e-hosted-video elementor-wrapper elementor-open-inline\">\n\t\t\t\t\t<video class=\"elementor-video\" src=\"https:\/\/inmecolsa.com\/wp-content\/uploads\/2022\/04\/Video-Bebidas.mp4\" controls=\"\" preload=\"metadata\" controlslist=\"nodownload\" poster=\"https:\/\/inmecolsa.com\/wp-content\/uploads\/2022\/04\/VideoS-iNMECOLSA1.png\"><\/video>\n\t\t\t\t<\/div>\n\t\t\t\t<\/div>\n\t\t\t\t<\/div>\n\t\t\t\t\t<\/div>\n\t\t<\/div>\n\t\t\t\t\t\t\t<\/div>\n\t\t<\/section>\n\t\t\t\t<section class=\"elementor-section elementor-top-section elementor-element elementor-element-b052d94 elementor-section-boxed elementor-section-height-default elementor-section-height-default\" data-id=\"b052d94\" data-element_type=\"section\">\n\t\t\t\t\t\t<div class=\"elementor-container elementor-column-gap-default\">\n\t\t\t\t\t<div class=\"elementor-column elementor-col-33 elementor-top-column elementor-element elementor-element-c13261b\" data-id=\"c13261b\" data-element_type=\"column\">\n\t\t\t<div class=\"elementor-widget-wrap elementor-element-populated\">\n\t\t\t\t\t\t\t\t<div class=\"elementor-element elementor-element-473f3c6 elementor-widget elementor-widget-image\" data-id=\"473f3c6\" data-element_type=\"widget\" data-widget_type=\"image.default\">\n\t\t\t\t<div class=\"elementor-widget-container\">\n\t\t\t<style>\/*! elementor - v3.15.0 - 02-08-2023 *\/\n.elementor-widget-image{text-align:center}.elementor-widget-image a{display:inline-block}.elementor-widget-image a img[src$=\".svg\"]{width:48px}.elementor-widget-image img{vertical-align:middle;display:inline-block}<\/style>\t\t\t\t\t\t\t\t\t\t\t\t<img loading=\"lazy\" decoding=\"async\" width=\"1024\" height=\"1024\" src=\"https:\/\/inmecolsa.com\/wp-content\/uploads\/2024\/08\/7-1024x1024.png\" class=\"attachment-large size-large wp-image-1196\" alt=\"\" srcset=\"https:\/\/inmecolsa.com\/wp-content\/uploads\/2024\/08\/7-1024x1024.png 1024w, https:\/\/inmecolsa.com\/wp-content\/uploads\/2024\/08\/7-300x300.png 300w, https:\/\/inmecolsa.com\/wp-content\/uploads\/2024\/08\/7-150x150.png 150w, https:\/\/inmecolsa.com\/wp-content\/uploads\/2024\/08\/7-768x768.png 768w, https:\/\/inmecolsa.com\/wp-content\/uploads\/2024\/08\/7-12x12.png 12w, https:\/\/inmecolsa.com\/wp-content\/uploads\/2024\/08\/7.png 1080w\" sizes=\"auto, (max-width: 1024px) 100vw, 1024px\" \/>\t\t\t\t\t\t\t\t\t\t\t\t\t\t\t<\/div>\n\t\t\t\t<\/div>\n\t\t\t\t\t<\/div>\n\t\t<\/div>\n\t\t\t\t<div class=\"elementor-column elementor-col-33 elementor-top-column elementor-element elementor-element-c645cb3\" data-id=\"c645cb3\" data-element_type=\"column\">\n\t\t\t<div class=\"elementor-widget-wrap elementor-element-populated\">\n\t\t\t\t\t\t\t\t<div class=\"elementor-element elementor-element-76a3924 elementor-widget elementor-widget-image\" data-id=\"76a3924\" data-element_type=\"widget\" data-widget_type=\"image.default\">\n\t\t\t\t<div class=\"elementor-widget-container\">\n\t\t\t\t\t\t\t\t\t\t\t\t\t\t\t<img loading=\"lazy\" decoding=\"async\" width=\"1024\" height=\"1024\" src=\"https:\/\/inmecolsa.com\/wp-content\/uploads\/2024\/08\/8-1024x1024.png\" class=\"attachment-large size-large wp-image-1197\" alt=\"\" srcset=\"https:\/\/inmecolsa.com\/wp-content\/uploads\/2024\/08\/8-1024x1024.png 1024w, https:\/\/inmecolsa.com\/wp-content\/uploads\/2024\/08\/8-300x300.png 300w, https:\/\/inmecolsa.com\/wp-content\/uploads\/2024\/08\/8-150x150.png 150w, https:\/\/inmecolsa.com\/wp-content\/uploads\/2024\/08\/8-768x768.png 768w, https:\/\/inmecolsa.com\/wp-content\/uploads\/2024\/08\/8-12x12.png 12w, https:\/\/inmecolsa.com\/wp-content\/uploads\/2024\/08\/8.png 1080w\" sizes=\"auto, (max-width: 1024px) 100vw, 1024px\" \/>\t\t\t\t\t\t\t\t\t\t\t\t\t\t\t<\/div>\n\t\t\t\t<\/div>\n\t\t\t\t\t<\/div>\n\t\t<\/div>\n\t\t\t\t<div class=\"elementor-column elementor-col-33 elementor-top-column elementor-element elementor-element-ab11448\" data-id=\"ab11448\" data-element_type=\"column\">\n\t\t\t<div class=\"elementor-widget-wrap elementor-element-populated\">\n\t\t\t\t\t\t\t\t<div class=\"elementor-element elementor-element-717f86a elementor-widget elementor-widget-image\" data-id=\"717f86a\" data-element_type=\"widget\" data-widget_type=\"image.default\">\n\t\t\t\t<div class=\"elementor-widget-container\">\n\t\t\t\t\t\t\t\t\t\t\t\t\t\t\t<img loading=\"lazy\" decoding=\"async\" width=\"1024\" height=\"1024\" src=\"https:\/\/inmecolsa.com\/wp-content\/uploads\/2024\/08\/9-1024x1024.png\" class=\"attachment-large size-large wp-image-1198\" alt=\"\" srcset=\"https:\/\/inmecolsa.com\/wp-content\/uploads\/2024\/08\/9-1024x1024.png 1024w, https:\/\/inmecolsa.com\/wp-content\/uploads\/2024\/08\/9-300x300.png 300w, https:\/\/inmecolsa.com\/wp-content\/uploads\/2024\/08\/9-150x150.png 150w, https:\/\/inmecolsa.com\/wp-content\/uploads\/2024\/08\/9-768x768.png 768w, https:\/\/inmecolsa.com\/wp-content\/uploads\/2024\/08\/9-12x12.png 12w, https:\/\/inmecolsa.com\/wp-content\/uploads\/2024\/08\/9.png 1080w\" sizes=\"auto, (max-width: 1024px) 100vw, 1024px\" \/>\t\t\t\t\t\t\t\t\t\t\t\t\t\t\t<\/div>\n\t\t\t\t<\/div>\n\t\t\t\t\t<\/div>\n\t\t<\/div>\n\t\t\t\t\t\t\t<\/div>\n\t\t<\/section>\n\t\t\t\t<section class=\"elementor-section elementor-top-section elementor-element elementor-element-ccfd47d elementor-section-boxed elementor-section-height-default elementor-section-height-default\" data-id=\"ccfd47d\" data-element_type=\"section\">\n\t\t\t\t\t\t<div class=\"elementor-container elementor-column-gap-default\">\n\t\t\t\t\t<div class=\"elementor-column elementor-col-33 elementor-top-column elementor-element elementor-element-9cc5ae7\" data-id=\"9cc5ae7\" data-element_type=\"column\">\n\t\t\t<div class=\"elementor-widget-wrap elementor-element-populated\">\n\t\t\t\t\t\t\t\t<div class=\"elementor-element elementor-element-76852e8 elementor-widget elementor-widget-text-editor\" data-id=\"76852e8\" data-element_type=\"widget\" data-widget_type=\"text-editor.default\">\n\t\t\t\t<div class=\"elementor-widget-container\">\n\t\t\t\t\t\t\t<h3 class=\"elementor-image-box-title elementor-inline-editing pen\" style=\"font-size: 25px; font-style: normal; font-weight: 600; margin-bottom: 2px; outline-style: initial; outline-width: 0px; color: #000000; white-space-collapse: collapse; font-family: var( --e-global-typography-primary-font-family ), Sans-serif; text-shadow: rgba(0, 0, 0, 0.3) 0px 0px 0px; text-align: center;\" data-elementor-setting-key=\"title_text\" data-elementor-inline-editing-toolbar=\"none\" data-pen-placeholder=\"Teclea aqu\u00ed...\">Liquid Transport<\/h3><p style=\"font-size: 15px; font-style: normal; font-weight: 400;\"><span style=\"color: #000000; text-align: center; word-spacing: 1px; white-space-collapse: preserve;\">Horizontal tank for the transport of liquids. It is manufactured in different capacities.<\/span><\/p>\t\t\t\t\t\t<\/div>\n\t\t\t\t<\/div>\n\t\t\t\t\t<\/div>\n\t\t<\/div>\n\t\t\t\t<div class=\"elementor-column elementor-col-33 elementor-top-column elementor-element elementor-element-c07acef\" data-id=\"c07acef\" data-element_type=\"column\">\n\t\t\t<div class=\"elementor-widget-wrap elementor-element-populated\">\n\t\t\t\t\t\t\t\t<div class=\"elementor-element elementor-element-daf3291 elementor-widget elementor-widget-text-editor\" data-id=\"daf3291\" data-element_type=\"widget\" data-widget_type=\"text-editor.default\">\n\t\t\t\t<div class=\"elementor-widget-container\">\n\t\t\t\t\t\t\t<h3 class=\"elementor-image-box-title elementor-inline-editing pen\" style=\"font-size: 25px; font-style: normal; font-weight: 600; margin-bottom: 2px; outline-style: initial; outline-width: 0px; color: #000000; white-space-collapse: collapse; font-family: var( --e-global-typography-primary-font-family ), Sans-serif; text-shadow: rgba(0, 0, 0, 0.3) 0px 0px 0px; text-align: center;\" data-elementor-setting-key=\"title_text\" data-elementor-inline-editing-toolbar=\"none\" data-pen-placeholder=\"Teclea aqu\u00ed...\">Storage Silo<\/h3><p style=\"font-size: 15px; font-style: normal; font-weight: 400;\"><span style=\"color: #000000; text-align: center; word-spacing: 1px; white-space-collapse: preserve;\">Tanque de almacenamiento de s\u00f3lidos y l\u00edquidos con capacidades mayores a 30,000 lts.<\/span><\/p>\t\t\t\t\t\t<\/div>\n\t\t\t\t<\/div>\n\t\t\t\t\t<\/div>\n\t\t<\/div>\n\t\t\t\t<div class=\"elementor-column elementor-col-33 elementor-top-column elementor-element elementor-element-bc0b409\" data-id=\"bc0b409\" data-element_type=\"column\">\n\t\t\t<div class=\"elementor-widget-wrap elementor-element-populated\">\n\t\t\t\t\t\t\t\t<div class=\"elementor-element elementor-element-e0eee56 elementor-widget elementor-widget-text-editor\" data-id=\"e0eee56\" data-element_type=\"widget\" data-widget_type=\"text-editor.default\">\n\t\t\t\t<div class=\"elementor-widget-container\">\n\t\t\t\t\t\t\t<h3 class=\"elementor-image-box-title elementor-inline-editing pen\" style=\"font-size: 25px; font-style: normal; font-weight: 600; margin-bottom: 2px; outline-style: initial; outline-width: 0px; color: #000000; white-space-collapse: collapse; font-family: var( --e-global-typography-primary-font-family ), Sans-serif; text-shadow: rgba(0, 0, 0, 0.3) 0px 0px 0px; text-align: center;\" data-elementor-setting-key=\"title_text\" data-elementor-inline-editing-toolbar=\"none\" data-pen-placeholder=\"Teclea aqu\u00ed...\">Storage Tank<\/h3><p style=\"font-size: 15px; font-style: normal; font-weight: 400;\"><span style=\"color: #000000; text-align: center; word-spacing: 1px; white-space-collapse: preserve;\">These equipment are used for cooling or heating. They can operate at very high temperatures and are commonly used with very viscous liquids such as margarine, jams, sauces and ice cream.<\/span><\/p>\t\t\t\t\t\t<\/div>\n\t\t\t\t<\/div>\n\t\t\t\t\t<\/div>\n\t\t<\/div>\n\t\t\t\t\t\t\t<\/div>\n\t\t<\/section>\n\t\t\t\t<section class=\"elementor-section elementor-top-section elementor-element elementor-element-2a7b2f8 elementor-section-boxed elementor-section-height-default elementor-section-height-default\" data-id=\"2a7b2f8\" data-element_type=\"section\">\n\t\t\t\t\t\t<div class=\"elementor-container elementor-column-gap-default\">\n\t\t\t\t\t<div class=\"elementor-column elementor-col-33 elementor-top-column elementor-element elementor-element-68ec5d6\" data-id=\"68ec5d6\" data-element_type=\"column\">\n\t\t\t<div class=\"elementor-widget-wrap elementor-element-populated\">\n\t\t\t\t\t\t\t\t<div class=\"elementor-element elementor-element-2d7196c elementor-widget elementor-widget-image\" data-id=\"2d7196c\" data-element_type=\"widget\" data-widget_type=\"image.default\">\n\t\t\t\t<div class=\"elementor-widget-container\">\n\t\t\t\t\t\t\t\t\t\t\t\t\t\t\t<img loading=\"lazy\" decoding=\"async\" width=\"1024\" height=\"1024\" src=\"https:\/\/inmecolsa.com\/wp-content\/uploads\/2024\/08\/10-1024x1024.png\" class=\"attachment-large size-large wp-image-1199\" alt=\"\" srcset=\"https:\/\/inmecolsa.com\/wp-content\/uploads\/2024\/08\/10-1024x1024.png 1024w, https:\/\/inmecolsa.com\/wp-content\/uploads\/2024\/08\/10-300x300.png 300w, https:\/\/inmecolsa.com\/wp-content\/uploads\/2024\/08\/10-150x150.png 150w, https:\/\/inmecolsa.com\/wp-content\/uploads\/2024\/08\/10-768x768.png 768w, https:\/\/inmecolsa.com\/wp-content\/uploads\/2024\/08\/10-12x12.png 12w, https:\/\/inmecolsa.com\/wp-content\/uploads\/2024\/08\/10.png 1080w\" sizes=\"auto, (max-width: 1024px) 100vw, 1024px\" \/>\t\t\t\t\t\t\t\t\t\t\t\t\t\t\t<\/div>\n\t\t\t\t<\/div>\n\t\t\t\t\t<\/div>\n\t\t<\/div>\n\t\t\t\t<div class=\"elementor-column elementor-col-33 elementor-top-column elementor-element elementor-element-4eded3e\" data-id=\"4eded3e\" data-element_type=\"column\">\n\t\t\t<div class=\"elementor-widget-wrap elementor-element-populated\">\n\t\t\t\t\t\t\t\t<div class=\"elementor-element elementor-element-a23ba99 elementor-widget elementor-widget-image\" data-id=\"a23ba99\" data-element_type=\"widget\" data-widget_type=\"image.default\">\n\t\t\t\t<div class=\"elementor-widget-container\">\n\t\t\t\t\t\t\t\t\t\t\t\t\t\t\t<img loading=\"lazy\" decoding=\"async\" width=\"1024\" height=\"1024\" src=\"https:\/\/inmecolsa.com\/wp-content\/uploads\/2024\/08\/11-1024x1024.png\" class=\"attachment-large size-large wp-image-1200\" alt=\"\" srcset=\"https:\/\/inmecolsa.com\/wp-content\/uploads\/2024\/08\/11-1024x1024.png 1024w, https:\/\/inmecolsa.com\/wp-content\/uploads\/2024\/08\/11-300x300.png 300w, https:\/\/inmecolsa.com\/wp-content\/uploads\/2024\/08\/11-150x150.png 150w, https:\/\/inmecolsa.com\/wp-content\/uploads\/2024\/08\/11-768x768.png 768w, https:\/\/inmecolsa.com\/wp-content\/uploads\/2024\/08\/11-12x12.png 12w, https:\/\/inmecolsa.com\/wp-content\/uploads\/2024\/08\/11.png 1080w\" sizes=\"auto, (max-width: 1024px) 100vw, 1024px\" \/>\t\t\t\t\t\t\t\t\t\t\t\t\t\t\t<\/div>\n\t\t\t\t<\/div>\n\t\t\t\t\t<\/div>\n\t\t<\/div>\n\t\t\t\t<div class=\"elementor-column elementor-col-33 elementor-top-column elementor-element elementor-element-ac98ee9\" data-id=\"ac98ee9\" data-element_type=\"column\">\n\t\t\t<div class=\"elementor-widget-wrap\">\n\t\t\t\t\t\t\t\t\t<\/div>\n\t\t<\/div>\n\t\t\t\t\t\t\t<\/div>\n\t\t<\/section>\n\t\t\t\t<section class=\"elementor-section elementor-top-section elementor-element elementor-element-d0f8f9c elementor-section-boxed elementor-section-height-default elementor-section-height-default\" data-id=\"d0f8f9c\" data-element_type=\"section\">\n\t\t\t\t\t\t<div class=\"elementor-container elementor-column-gap-default\">\n\t\t\t\t\t<div class=\"elementor-column elementor-col-33 elementor-top-column elementor-element elementor-element-167efc5\" data-id=\"167efc5\" data-element_type=\"column\">\n\t\t\t<div class=\"elementor-widget-wrap elementor-element-populated\">\n\t\t\t\t\t\t\t\t<div class=\"elementor-element elementor-element-8a87f77 elementor-widget elementor-widget-text-editor\" data-id=\"8a87f77\" data-element_type=\"widget\" data-widget_type=\"text-editor.default\">\n\t\t\t\t<div class=\"elementor-widget-container\">\n\t\t\t\t\t\t\t<h3 class=\"elementor-image-box-title elementor-inline-editing pen\" style=\"font-size: 25px; font-style: normal; font-weight: 600; margin-bottom: 2px; outline-style: initial; outline-width: 0px; color: #000000; white-space-collapse: collapse; font-family: var( --e-global-typography-primary-font-family ), Sans-serif; text-shadow: rgba(0, 0, 0, 0.3) 0px 0px 0px; text-align: center;\" data-elementor-setting-key=\"title_text\" data-elementor-inline-editing-toolbar=\"none\" data-pen-placeholder=\"Teclea aqu\u00ed...\">Homogenizer Tank\u00a0<\/h3><p style=\"font-size: 15px; font-style: normal; font-weight: 400;\"><span style=\"color: #000000; text-align: center; word-spacing: 1px; white-space-collapse: preserve;\">They are tanks with a high-speed agitator that are characterized by their high efficiency and quality in the homogenization process. These are designed under costumer requirements.<\/span><\/p>\t\t\t\t\t\t<\/div>\n\t\t\t\t<\/div>\n\t\t\t\t\t<\/div>\n\t\t<\/div>\n\t\t\t\t<div class=\"elementor-column elementor-col-33 elementor-top-column elementor-element elementor-element-9f9b901\" data-id=\"9f9b901\" data-element_type=\"column\">\n\t\t\t<div class=\"elementor-widget-wrap elementor-element-populated\">\n\t\t\t\t\t\t\t\t<div class=\"elementor-element elementor-element-c871bed elementor-widget elementor-widget-text-editor\" data-id=\"c871bed\" data-element_type=\"widget\" data-widget_type=\"text-editor.default\">\n\t\t\t\t<div class=\"elementor-widget-container\">\n\t\t\t\t\t\t\t<h3 class=\"elementor-image-box-title elementor-inline-editing pen\" style=\"font-size: 25px; font-style: normal; font-weight: 600; margin-bottom: 2px; outline-style: initial; outline-width: 0px; color: #000000; white-space-collapse: collapse; font-family: var( --e-global-typography-primary-font-family ), Sans-serif; text-shadow: rgba(0, 0, 0, 0.3) 0px 0px 0px; text-align: center;\" data-elementor-setting-key=\"title_text\" data-elementor-inline-editing-toolbar=\"none\" data-pen-placeholder=\"Teclea aqu\u00ed...\">Tank with Agitator<\/h3><p style=\"font-size: 15px; font-style: normal; font-weight: 400;\"><span style=\"color: #000000; text-align: center; word-spacing: 1px; white-space-collapse: preserve;\">Tanque de diferentes capacidades para realizar varios tipos de mezclas dependiendo del dise\u00f1o del agitador.<\/span><\/p>\t\t\t\t\t\t<\/div>\n\t\t\t\t<\/div>\n\t\t\t\t\t<\/div>\n\t\t<\/div>\n\t\t\t\t<div class=\"elementor-column elementor-col-33 elementor-top-column elementor-element elementor-element-1b2b334\" data-id=\"1b2b334\" data-element_type=\"column\">\n\t\t\t<div class=\"elementor-widget-wrap\">\n\t\t\t\t\t\t\t\t\t<\/div>\n\t\t<\/div>\n\t\t\t\t\t\t\t<\/div>\n\t\t<\/section>\n\t\t\t\t<section class=\"elementor-section elementor-top-section elementor-element elementor-element-e8bb003 elementor-section-boxed elementor-section-height-default elementor-section-height-default\" data-id=\"e8bb003\" data-element_type=\"section\">\n\t\t\t\t\t\t<div class=\"elementor-container elementor-column-gap-default\">\n\t\t\t\t\t<div class=\"elementor-column elementor-col-100 elementor-top-column elementor-element elementor-element-7b16b2c\" data-id=\"7b16b2c\" data-element_type=\"column\">\n\t\t\t<div class=\"elementor-widget-wrap elementor-element-populated\">\n\t\t\t\t\t\t\t\t<div class=\"elementor-element elementor-element-74c75dc elementor-align-center elementor-widget elementor-widget-button\" data-id=\"74c75dc\" data-element_type=\"widget\" data-widget_type=\"button.default\">\n\t\t\t\t<div class=\"elementor-widget-container\">\n\t\t\t\t\t<div class=\"elementor-button-wrapper\">\n\t\t\t<a class=\"elementor-button elementor-button-link elementor-size-md elementor-animation-pulse-grow\" href=\"https:\/\/inmecolsa.com\/en\/contacto\/\">\n\t\t\t\t\t\t<span class=\"elementor-button-content-wrapper\">\n\t\t\t\t\t\t<span class=\"elementor-button-text\">CONTACT US<\/span>\n\t\t<\/span>\n\t\t\t\t\t<\/a>\n\t\t<\/div>\n\t\t\t\t<\/div>\n\t\t\t\t<\/div>\n\t\t\t\t\t<\/div>\n\t\t<\/div>\n\t\t\t\t\t\t\t<\/div>\n\t\t<\/section>\n\t\t\t\t\t\t\t<\/div>","protected":false},"excerpt":{"rendered":"<p>Industria de Bebidas Fabricamos equipos para este tipo de industria resaltando las caracter\u00edsticas de inocuidad https:\/\/inmecolsa.com\/wp-content\/uploads\/2022\/04\/Video-Bebidas.mp4 Transporte de L\u00edquidos Tanque horizontal para el transporte de l\u00edquidos. Se fabrica en diferentes capacidades. Silo de Almacenamiento Tanque de almacenamiento de s\u00f3lidos y l\u00edquidos con capacidades mayores a 30,000 lts. Tanque de Almacenamiento Estos equipos son especiales para &hellip;<\/p>\n<p class=\"read-more\"> <a class=\"\" href=\"https:\/\/inmecolsa.com\/en\/bebidas\/\"> <span class=\"screen-reader-text\">Beverage Industry<\/span> Read More &raquo;<\/a><\/p>","protected":false},"author":1,"featured_media":0,"parent":0,"menu_order":0,"comment_status":"closed","ping_status":"closed","template":"","meta":{"site-sidebar-layout":"no-sidebar","site-content-layout":"page-builder","ast-main-header-display":"","ast-hfb-above-header-display":"","ast-hfb-mobile-header-display":"","site-post-title":"disabled","ast-breadcrumbs-content":"","ast-featured-img":"disabled","footer-sml-layout":"","theme-transparent-header-meta":"","adv-header-id-meta":"","stick-header-meta":"","header-above-stick-meta":"","header-main-stick-meta":"","header-below-stick-meta":"","footnotes":""},"class_list":["post-374","page","type-page","status-publish","hentry"],"_links":{"self":[{"href":"https:\/\/inmecolsa.com\/en\/wp-json\/wp\/v2\/pages\/374","targetHints":{"allow":["GET"]}}],"collection":[{"href":"https:\/\/inmecolsa.com\/en\/wp-json\/wp\/v2\/pages"}],"about":[{"href":"https:\/\/inmecolsa.com\/en\/wp-json\/wp\/v2\/types\/page"}],"author":[{"embeddable":true,"href":"https:\/\/inmecolsa.com\/en\/wp-json\/wp\/v2\/users\/1"}],"replies":[{"embeddable":true,"href":"https:\/\/inmecolsa.com\/en\/wp-json\/wp\/v2\/comments?post=374"}],"version-history":[{"count":62,"href":"https:\/\/inmecolsa.com\/en\/wp-json\/wp\/v2\/pages\/374\/revisions"}],"predecessor-version":[{"id":1217,"href":"https:\/\/inmecolsa.com\/en\/wp-json\/wp\/v2\/pages\/374\/revisions\/1217"}],"wp:attachment":[{"href":"https:\/\/inmecolsa.com\/en\/wp-json\/wp\/v2\/media?parent=374"}],"curies":[{"name":"wp","href":"https:\/\/api.w.org\/{rel}","templated":true}]}}