{"id":379,"date":"2021-12-15T21:51:15","date_gmt":"2021-12-15T21:51:15","guid":{"rendered":"https:\/\/inmecolsa.com\/?page_id=379"},"modified":"2024-08-10T20:13:55","modified_gmt":"2024-08-10T20:13:55","slug":"farmaceutica-2","status":"publish","type":"page","link":"https:\/\/inmecolsa.com\/en\/farmaceutica-2\/","title":{"rendered":"Pharmaceutical Industry"},"content":{"rendered":"<div data-elementor-type=\"wp-page\" data-elementor-id=\"379\" class=\"elementor elementor-379\">\n\t\t\t\t\t\t\t\t\t<section class=\"elementor-section elementor-top-section elementor-element elementor-element-f21854c elementor-section-boxed elementor-section-height-default elementor-section-height-default\" data-id=\"f21854c\" data-element_type=\"section\">\n\t\t\t\t\t\t<div class=\"elementor-container elementor-column-gap-default\">\n\t\t\t\t\t<div class=\"elementor-column elementor-col-100 elementor-top-column elementor-element elementor-element-8ca2502\" data-id=\"8ca2502\" data-element_type=\"column\">\n\t\t\t<div class=\"elementor-widget-wrap\">\n\t\t\t\t\t\t\t\t\t<\/div>\n\t\t<\/div>\n\t\t\t\t\t\t\t<\/div>\n\t\t<\/section>\n\t\t\t\t<section class=\"elementor-section elementor-top-section elementor-element elementor-element-48ee08df elementor-section-content-middle elementor-section-boxed elementor-section-height-default elementor-section-height-default\" data-id=\"48ee08df\" data-element_type=\"section\">\n\t\t\t\t\t\t<div class=\"elementor-container elementor-column-gap-no\">\n\t\t\t\t\t<div class=\"elementor-column elementor-col-50 elementor-top-column elementor-element elementor-element-1adf8ff8\" data-id=\"1adf8ff8\" data-element_type=\"column\">\n\t\t\t<div class=\"elementor-widget-wrap elementor-element-populated\">\n\t\t\t\t\t\t\t\t<div class=\"elementor-element elementor-element-4d08cadc elementor-widget elementor-widget-heading\" data-id=\"4d08cadc\" data-element_type=\"widget\" data-widget_type=\"heading.default\">\n\t\t\t\t<div class=\"elementor-widget-container\">\n\t\t\t<style>\/*! elementor - v3.15.0 - 02-08-2023 *\/\n.elementor-heading-title{padding:0;margin:0;line-height:1}.elementor-widget-heading .elementor-heading-title[class*=elementor-size-]>a{color:inherit;font-size:inherit;line-height:inherit}.elementor-widget-heading .elementor-heading-title.elementor-size-small{font-size:15px}.elementor-widget-heading .elementor-heading-title.elementor-size-medium{font-size:19px}.elementor-widget-heading .elementor-heading-title.elementor-size-large{font-size:29px}.elementor-widget-heading .elementor-heading-title.elementor-size-xl{font-size:39px}.elementor-widget-heading .elementor-heading-title.elementor-size-xxl{font-size:59px}<\/style><h4 class=\"elementor-heading-title elementor-size-default\">Pharmaceutical industry<\/h4>\t\t<\/div>\n\t\t\t\t<\/div>\n\t\t\t\t<div class=\"elementor-element elementor-element-2ae53401 elementor-widget elementor-widget-text-editor\" data-id=\"2ae53401\" data-element_type=\"widget\" data-widget_type=\"text-editor.default\">\n\t\t\t\t<div class=\"elementor-widget-container\">\n\t\t\t<style>\/*! elementor - v3.15.0 - 02-08-2023 *\/\n.elementor-widget-text-editor.elementor-drop-cap-view-stacked .elementor-drop-cap{background-color:#69727d;color:#fff}.elementor-widget-text-editor.elementor-drop-cap-view-framed .elementor-drop-cap{color:#69727d;border:3px solid;background-color:transparent}.elementor-widget-text-editor:not(.elementor-drop-cap-view-default) .elementor-drop-cap{margin-top:8px}.elementor-widget-text-editor:not(.elementor-drop-cap-view-default) .elementor-drop-cap-letter{width:1em;height:1em}.elementor-widget-text-editor .elementor-drop-cap{float:left;text-align:center;line-height:1;font-size:50px}.elementor-widget-text-editor .elementor-drop-cap-letter{display:inline-block}<\/style>\t\t\t\t<p>We manufacture equipment with a wide variety of applications for the processing of high quality pharmaceutical industry products with different specifications or characteristics, all in stainless steel with the guidelines of the BPE standards.<\/p><p>Based on the requirements of our customers, we carry out the calculation and design of the equipment that fits their needs guaranteeing the greatest efficiency in the operation.<\/p>\t\t\t\t\t\t<\/div>\n\t\t\t\t<\/div>\n\t\t\t\t\t<\/div>\n\t\t<\/div>\n\t\t\t\t<div class=\"elementor-column elementor-col-50 elementor-top-column elementor-element elementor-element-413c4742\" data-id=\"413c4742\" data-element_type=\"column\">\n\t\t\t<div class=\"elementor-widget-wrap elementor-element-populated\">\n\t\t\t\t\t\t\t\t<div class=\"elementor-element elementor-element-1322786 elementor-widget elementor-widget-video\" data-id=\"1322786\" data-element_type=\"widget\" data-settings=\"{&quot;video_type&quot;:&quot;hosted&quot;,&quot;controls&quot;:&quot;yes&quot;}\" data-widget_type=\"video.default\">\n\t\t\t\t<div class=\"elementor-widget-container\">\n\t\t\t<style>\/*! elementor - v3.15.0 - 02-08-2023 *\/\n.elementor-widget-video .elementor-widget-container{overflow:hidden;transform:translateZ(0)}.elementor-widget-video .elementor-wrapper{aspect-ratio:var(--video-aspect-ratio)}.elementor-widget-video .elementor-wrapper iframe,.elementor-widget-video .elementor-wrapper video{height:100%;width:100%;display:flex;border:none;background-color:#000}@supports not (aspect-ratio:1\/1){.elementor-widget-video .elementor-wrapper{position:relative;overflow:hidden;height:0;padding-bottom:calc(100% \/ var(--video-aspect-ratio))}.elementor-widget-video .elementor-wrapper iframe,.elementor-widget-video .elementor-wrapper video{position:absolute;top:0;right:0;bottom:0;left:0}}.elementor-widget-video .elementor-open-inline .elementor-custom-embed-image-overlay{position:absolute;top:0;right:0;bottom:0;left:0;background-size:cover;background-position:50%}.elementor-widget-video .elementor-custom-embed-image-overlay{cursor:pointer;text-align:center}.elementor-widget-video .elementor-custom-embed-image-overlay:hover .elementor-custom-embed-play i{opacity:1}.elementor-widget-video .elementor-custom-embed-image-overlay img{display:block;width:100%;aspect-ratio:var(--video-aspect-ratio);-o-object-fit:cover;object-fit:cover;-o-object-position:center center;object-position:center center}@supports not (aspect-ratio:1\/1){.elementor-widget-video .elementor-custom-embed-image-overlay{position:relative;overflow:hidden;height:0;padding-bottom:calc(100% \/ var(--video-aspect-ratio))}.elementor-widget-video .elementor-custom-embed-image-overlay img{position:absolute;top:0;right:0;bottom:0;left:0}}.elementor-widget-video .e-hosted-video .elementor-video{-o-object-fit:cover;object-fit:cover}.e-con-inner>.elementor-widget-video,.e-con>.elementor-widget-video{width:var(--container-widget-width);--flex-grow:var(--container-widget-flex-grow)}<\/style>\t\t<div class=\"e-hosted-video elementor-wrapper elementor-open-inline\">\n\t\t\t\t\t<video class=\"elementor-video\" src=\"https:\/\/inmecolsa.com\/wp-content\/uploads\/2022\/04\/VideoS-iNMECOLSA21.mp4\" controls=\"\" preload=\"metadata\" controlslist=\"nodownload\" poster=\"https:\/\/inmecolsa.com\/wp-content\/uploads\/2022\/04\/15.png\"><\/video>\n\t\t\t\t<\/div>\n\t\t\t\t<\/div>\n\t\t\t\t<\/div>\n\t\t\t\t\t<\/div>\n\t\t<\/div>\n\t\t\t\t\t\t\t<\/div>\n\t\t<\/section>\n\t\t\t\t<section class=\"elementor-section elementor-top-section elementor-element elementor-element-9038917 elementor-section-boxed elementor-section-height-default elementor-section-height-default\" data-id=\"9038917\" data-element_type=\"section\">\n\t\t\t\t\t\t<div class=\"elementor-container elementor-column-gap-default\">\n\t\t\t\t\t<div class=\"elementor-column elementor-col-50 elementor-top-column elementor-element elementor-element-8e5e367\" data-id=\"8e5e367\" data-element_type=\"column\">\n\t\t\t<div class=\"elementor-widget-wrap elementor-element-populated\">\n\t\t\t\t\t\t\t\t<div class=\"elementor-element elementor-element-b0e6df6 elementor-widget elementor-widget-image\" data-id=\"b0e6df6\" data-element_type=\"widget\" data-widget_type=\"image.default\">\n\t\t\t\t<div class=\"elementor-widget-container\">\n\t\t\t<style>\/*! elementor - v3.15.0 - 02-08-2023 *\/\n.elementor-widget-image{text-align:center}.elementor-widget-image a{display:inline-block}.elementor-widget-image a img[src$=\".svg\"]{width:48px}.elementor-widget-image img{vertical-align:middle;display:inline-block}<\/style>\t\t\t\t\t\t\t\t\t\t\t\t<img loading=\"lazy\" decoding=\"async\" width=\"1024\" height=\"1024\" src=\"https:\/\/inmecolsa.com\/wp-content\/uploads\/2024\/08\/Autoclave-1024x1024.png\" class=\"attachment-large size-large wp-image-1206\" alt=\"\" srcset=\"https:\/\/inmecolsa.com\/wp-content\/uploads\/2024\/08\/Autoclave-1024x1024.png 1024w, https:\/\/inmecolsa.com\/wp-content\/uploads\/2024\/08\/Autoclave-300x300.png 300w, https:\/\/inmecolsa.com\/wp-content\/uploads\/2024\/08\/Autoclave-150x150.png 150w, https:\/\/inmecolsa.com\/wp-content\/uploads\/2024\/08\/Autoclave-768x768.png 768w, https:\/\/inmecolsa.com\/wp-content\/uploads\/2024\/08\/Autoclave-12x12.png 12w, https:\/\/inmecolsa.com\/wp-content\/uploads\/2024\/08\/Autoclave.png 1080w\" sizes=\"auto, (max-width: 1024px) 100vw, 1024px\" \/>\t\t\t\t\t\t\t\t\t\t\t\t\t\t\t<\/div>\n\t\t\t\t<\/div>\n\t\t\t\t\t<\/div>\n\t\t<\/div>\n\t\t\t\t<div class=\"elementor-column elementor-col-50 elementor-top-column elementor-element elementor-element-a4ea9e0\" data-id=\"a4ea9e0\" data-element_type=\"column\">\n\t\t\t<div class=\"elementor-widget-wrap elementor-element-populated\">\n\t\t\t\t\t\t\t\t<div class=\"elementor-element elementor-element-0be11bc elementor-widget elementor-widget-image\" data-id=\"0be11bc\" data-element_type=\"widget\" data-widget_type=\"image.default\">\n\t\t\t\t<div class=\"elementor-widget-container\">\n\t\t\t\t\t\t\t\t\t\t\t\t\t\t\t<img loading=\"lazy\" decoding=\"async\" width=\"1024\" height=\"1024\" src=\"https:\/\/inmecolsa.com\/wp-content\/uploads\/2024\/08\/Reactores-1024x1024.png\" class=\"attachment-large size-large wp-image-1204\" alt=\"\" srcset=\"https:\/\/inmecolsa.com\/wp-content\/uploads\/2024\/08\/Reactores-1024x1024.png 1024w, https:\/\/inmecolsa.com\/wp-content\/uploads\/2024\/08\/Reactores-300x300.png 300w, https:\/\/inmecolsa.com\/wp-content\/uploads\/2024\/08\/Reactores-150x150.png 150w, https:\/\/inmecolsa.com\/wp-content\/uploads\/2024\/08\/Reactores-768x768.png 768w, https:\/\/inmecolsa.com\/wp-content\/uploads\/2024\/08\/Reactores-12x12.png 12w, https:\/\/inmecolsa.com\/wp-content\/uploads\/2024\/08\/Reactores.png 1080w\" sizes=\"auto, (max-width: 1024px) 100vw, 1024px\" \/>\t\t\t\t\t\t\t\t\t\t\t\t\t\t\t<\/div>\n\t\t\t\t<\/div>\n\t\t\t\t\t<\/div>\n\t\t<\/div>\n\t\t\t\t\t\t\t<\/div>\n\t\t<\/section>\n\t\t\t\t<section class=\"elementor-section elementor-top-section elementor-element elementor-element-6ad8ce0 elementor-section-boxed elementor-section-height-default elementor-section-height-default\" data-id=\"6ad8ce0\" data-element_type=\"section\">\n\t\t\t\t\t\t<div class=\"elementor-container elementor-column-gap-default\">\n\t\t\t\t\t<div class=\"elementor-column elementor-col-50 elementor-top-column elementor-element elementor-element-1a98d5b\" data-id=\"1a98d5b\" data-element_type=\"column\">\n\t\t\t<div class=\"elementor-widget-wrap elementor-element-populated\">\n\t\t\t\t\t\t\t\t<div class=\"elementor-element elementor-element-6aa6af7 elementor-widget elementor-widget-text-editor\" data-id=\"6aa6af7\" data-element_type=\"widget\" data-widget_type=\"text-editor.default\">\n\t\t\t\t<div class=\"elementor-widget-container\">\n\t\t\t\t\t\t\t<h3 class=\"elementor-image-box-title elementor-inline-editing pen\" style=\"font-size: 25px; font-style: normal; font-weight: 600; margin-bottom: 2px; outline-style: initial; outline-width: 0px; color: #000000; white-space-collapse: collapse; font-family: var( --e-global-typography-primary-font-family ), Sans-serif; text-shadow: rgba(0, 0, 0, 0.3) 0px 0px 0px; text-align: center;\" data-elementor-setting-key=\"title_text\" data-elementor-inline-editing-toolbar=\"none\" data-pen-placeholder=\"Teclea aqu\u00ed...\">Autoclave<\/h3><p style=\"font-size: 15px; font-style: normal; font-weight: 400;\"><span style=\"color: #000000; text-align: center; word-spacing: 1px; white-space-collapse: preserve;\">Equipment with hermetic closing to allow to work under high pressure and high temperatures as 121\u00b0C for 15 minutes or more to obtain the best sterilization possible, (kills all kind of bacteria) using saturated vapor. We make di\ufb00erent kind of tanks, horizontal single door, horizontal double door (for sterile areas) and vertical, with a minimum capacity of 70 liters.<\/span><\/p>\t\t\t\t\t\t<\/div>\n\t\t\t\t<\/div>\n\t\t\t\t\t<\/div>\n\t\t<\/div>\n\t\t\t\t<div class=\"elementor-column elementor-col-50 elementor-top-column elementor-element elementor-element-0dc455e\" data-id=\"0dc455e\" data-element_type=\"column\">\n\t\t\t<div class=\"elementor-widget-wrap elementor-element-populated\">\n\t\t\t\t\t\t\t\t<div class=\"elementor-element elementor-element-7e9b85b elementor-widget elementor-widget-text-editor\" data-id=\"7e9b85b\" data-element_type=\"widget\" data-widget_type=\"text-editor.default\">\n\t\t\t\t<div class=\"elementor-widget-container\">\n\t\t\t\t\t\t\t<h3 class=\"elementor-image-box-title elementor-inline-editing pen\" style=\"font-size: 25px; font-style: normal; font-weight: 600; margin-bottom: 2px; outline-style: initial; outline-width: 0px; color: #000000; white-space-collapse: collapse; font-family: var( --e-global-typography-primary-font-family ), Sans-serif; text-shadow: rgba(0, 0, 0, 0.3) 0px 0px 0px; text-align: center;\" data-elementor-setting-key=\"title_text\" data-elementor-inline-editing-toolbar=\"none\" data-pen-placeholder=\"Teclea aqu\u00ed...\">Reactors<\/h3><p style=\"font-size: 15px; font-style: normal; font-weight: 400;\"><span style=\"color: #000000; text-align: center; word-spacing: 1px; white-space-collapse: preserve;\">Equipment designed especially for processes that require temperature changes, pressure and or vacuum during manufacture of the products for our customers to generate chemical and physical reactions. These equipment have di\ufb00erent type of jacket in accordance with the means of warming or cooling the product, in some cases we incorporate a mixer.<\/span><\/p>\t\t\t\t\t\t<\/div>\n\t\t\t\t<\/div>\n\t\t\t\t\t<\/div>\n\t\t<\/div>\n\t\t\t\t\t\t\t<\/div>\n\t\t<\/section>\n\t\t\t\t<section class=\"elementor-section elementor-top-section elementor-element elementor-element-e81bc35 elementor-section-boxed elementor-section-height-default elementor-section-height-default\" data-id=\"e81bc35\" data-element_type=\"section\">\n\t\t\t\t\t\t<div class=\"elementor-container elementor-column-gap-default\">\n\t\t\t\t\t<div class=\"elementor-column elementor-col-50 elementor-top-column elementor-element elementor-element-551abc5\" data-id=\"551abc5\" data-element_type=\"column\">\n\t\t\t<div class=\"elementor-widget-wrap elementor-element-populated\">\n\t\t\t\t\t\t\t\t<div class=\"elementor-element elementor-element-31e351d elementor-widget elementor-widget-image\" data-id=\"31e351d\" data-element_type=\"widget\" data-widget_type=\"image.default\">\n\t\t\t\t<div class=\"elementor-widget-container\">\n\t\t\t\t\t\t\t\t\t\t\t\t\t\t\t<img loading=\"lazy\" decoding=\"async\" width=\"1024\" height=\"1024\" src=\"https:\/\/inmecolsa.com\/wp-content\/uploads\/2024\/08\/Bombos-Grageadores-1024x1024.png\" class=\"attachment-large size-large wp-image-1207\" alt=\"\" srcset=\"https:\/\/inmecolsa.com\/wp-content\/uploads\/2024\/08\/Bombos-Grageadores-1024x1024.png 1024w, https:\/\/inmecolsa.com\/wp-content\/uploads\/2024\/08\/Bombos-Grageadores-300x300.png 300w, https:\/\/inmecolsa.com\/wp-content\/uploads\/2024\/08\/Bombos-Grageadores-150x150.png 150w, https:\/\/inmecolsa.com\/wp-content\/uploads\/2024\/08\/Bombos-Grageadores-768x768.png 768w, https:\/\/inmecolsa.com\/wp-content\/uploads\/2024\/08\/Bombos-Grageadores-12x12.png 12w, https:\/\/inmecolsa.com\/wp-content\/uploads\/2024\/08\/Bombos-Grageadores.png 1080w\" sizes=\"auto, (max-width: 1024px) 100vw, 1024px\" \/>\t\t\t\t\t\t\t\t\t\t\t\t\t\t\t<\/div>\n\t\t\t\t<\/div>\n\t\t\t\t\t<\/div>\n\t\t<\/div>\n\t\t\t\t<div class=\"elementor-column elementor-col-50 elementor-top-column elementor-element elementor-element-c0ec680\" data-id=\"c0ec680\" data-element_type=\"column\">\n\t\t\t<div class=\"elementor-widget-wrap\">\n\t\t\t\t\t\t\t\t\t<\/div>\n\t\t<\/div>\n\t\t\t\t\t\t\t<\/div>\n\t\t<\/section>\n\t\t\t\t<section class=\"elementor-section elementor-top-section elementor-element elementor-element-03cb6b9 elementor-section-boxed elementor-section-height-default elementor-section-height-default\" data-id=\"03cb6b9\" data-element_type=\"section\">\n\t\t\t\t\t\t<div class=\"elementor-container elementor-column-gap-default\">\n\t\t\t\t\t<div class=\"elementor-column elementor-col-50 elementor-top-column elementor-element elementor-element-bbf88ba\" data-id=\"bbf88ba\" data-element_type=\"column\">\n\t\t\t<div class=\"elementor-widget-wrap elementor-element-populated\">\n\t\t\t\t\t\t\t\t<div class=\"elementor-element elementor-element-caf28d7 elementor-widget elementor-widget-text-editor\" data-id=\"caf28d7\" data-element_type=\"widget\" data-widget_type=\"text-editor.default\">\n\t\t\t\t<div class=\"elementor-widget-container\">\n\t\t\t\t\t\t\t<h3 class=\"elementor-image-box-title elementor-inline-editing pen\" style=\"font-size: 25px; font-style: normal; font-weight: 600; margin-bottom: 2px; outline-style: initial; outline-width: 0px; color: #000000; white-space-collapse: collapse; font-family: var( --e-global-typography-primary-font-family ), Sans-serif; text-shadow: rgba(0, 0, 0, 0.3) 0px 0px 0px; text-align: center;\" data-elementor-setting-key=\"title_text\" data-elementor-inline-editing-toolbar=\"none\" data-pen-placeholder=\"Teclea aqu\u00ed...\">Coating Drums<\/h3><p style=\"font-size: 15px; font-style: normal; font-weight: 400;\"><span style=\"color: #000000; text-align: center; word-spacing: 1px; white-space-collapse: preserve;\">This Equipment have been designed to make coated products, the section in contact with the process is built in stainless steel material.<\/span><\/p>\t\t\t\t\t\t<\/div>\n\t\t\t\t<\/div>\n\t\t\t\t\t<\/div>\n\t\t<\/div>\n\t\t\t\t<div class=\"elementor-column elementor-col-50 elementor-top-column elementor-element elementor-element-6581a5d\" data-id=\"6581a5d\" data-element_type=\"column\">\n\t\t\t<div class=\"elementor-widget-wrap\">\n\t\t\t\t\t\t\t\t\t<\/div>\n\t\t<\/div>\n\t\t\t\t\t\t\t<\/div>\n\t\t<\/section>\n\t\t\t\t<section class=\"elementor-section elementor-top-section elementor-element elementor-element-3bd51f8 elementor-section-boxed elementor-section-height-default elementor-section-height-default\" data-id=\"3bd51f8\" data-element_type=\"section\">\n\t\t\t\t\t\t<div class=\"elementor-container elementor-column-gap-default\">\n\t\t\t\t\t<div class=\"elementor-column elementor-col-100 elementor-top-column elementor-element elementor-element-99305fb\" data-id=\"99305fb\" data-element_type=\"column\">\n\t\t\t<div class=\"elementor-widget-wrap elementor-element-populated\">\n\t\t\t\t\t\t\t\t<div class=\"elementor-element elementor-element-75e29fa elementor-align-center elementor-widget elementor-widget-button\" data-id=\"75e29fa\" data-element_type=\"widget\" data-widget_type=\"button.default\">\n\t\t\t\t<div class=\"elementor-widget-container\">\n\t\t\t\t\t<div class=\"elementor-button-wrapper\">\n\t\t\t<a class=\"elementor-button elementor-button-link elementor-size-sm\" href=\"https:\/\/inmecolsa.com\/en\/contacto\/\">\n\t\t\t\t\t\t<span class=\"elementor-button-content-wrapper\">\n\t\t\t\t\t\t<span class=\"elementor-button-text\">CONTACT US<\/span>\n\t\t<\/span>\n\t\t\t\t\t<\/a>\n\t\t<\/div>\n\t\t\t\t<\/div>\n\t\t\t\t<\/div>\n\t\t\t\t\t<\/div>\n\t\t<\/div>\n\t\t\t\t\t\t\t<\/div>\n\t\t<\/section>\n\t\t\t\t\t\t\t<\/div>","protected":false},"excerpt":{"rendered":"<p>Industria Farmac\u00e9utica Fabricamos equipos con gran variedad de aplicaciones para el procesamiento de los productos de la industria farmac\u00e9utica de Alta calidad con especificaciones o caracter\u00edsticas diferentes, todo en acero inoxidable con los lineamientos de la norma BPE. Partiendo de los requerimientos de nuestros clientes, realizamos el c\u00e1lculo y dise\u00f1o de los equipos que se &hellip;<\/p>\n<p class=\"read-more\"> <a class=\"\" href=\"https:\/\/inmecolsa.com\/en\/farmaceutica-2\/\"> <span class=\"screen-reader-text\">Pharmaceutical Industry<\/span> Read More &raquo;<\/a><\/p>","protected":false},"author":1,"featured_media":0,"parent":0,"menu_order":0,"comment_status":"closed","ping_status":"closed","template":"","meta":{"site-sidebar-layout":"no-sidebar","site-content-layout":"page-builder","ast-main-header-display":"","ast-hfb-above-header-display":"","ast-hfb-mobile-header-display":"","site-post-title":"disabled","ast-breadcrumbs-content":"","ast-featured-img":"disabled","footer-sml-layout":"","theme-transparent-header-meta":"","adv-header-id-meta":"","stick-header-meta":"","header-above-stick-meta":"","header-main-stick-meta":"","header-below-stick-meta":"","footnotes":""},"class_list":["post-379","page","type-page","status-publish","hentry"],"_links":{"self":[{"href":"https:\/\/inmecolsa.com\/en\/wp-json\/wp\/v2\/pages\/379","targetHints":{"allow":["GET"]}}],"collection":[{"href":"https:\/\/inmecolsa.com\/en\/wp-json\/wp\/v2\/pages"}],"about":[{"href":"https:\/\/inmecolsa.com\/en\/wp-json\/wp\/v2\/types\/page"}],"author":[{"embeddable":true,"href":"https:\/\/inmecolsa.com\/en\/wp-json\/wp\/v2\/users\/1"}],"replies":[{"embeddable":true,"href":"https:\/\/inmecolsa.com\/en\/wp-json\/wp\/v2\/comments?post=379"}],"version-history":[{"count":54,"href":"https:\/\/inmecolsa.com\/en\/wp-json\/wp\/v2\/pages\/379\/revisions"}],"predecessor-version":[{"id":1214,"href":"https:\/\/inmecolsa.com\/en\/wp-json\/wp\/v2\/pages\/379\/revisions\/1214"}],"wp:attachment":[{"href":"https:\/\/inmecolsa.com\/en\/wp-json\/wp\/v2\/media?parent=379"}],"curies":[{"name":"wp","href":"https:\/\/api.w.org\/{rel}","templated":true}]}}